{"id":47,"date":"2016-09-23T08:08:40","date_gmt":"2016-09-23T08:08:40","guid":{"rendered":"https:\/\/sebes.lu\/presentation-du-sebes\/reseau-du-sebes\/"},"modified":"2024-03-21T16:56:18","modified_gmt":"2024-03-21T15:56:18","slug":"la-le-reseau-dadduction-du-sebes","status":"publish","type":"page","link":"https:\/\/sebes.lu\/fr\/traitement-eau\/la-le-reseau-dadduction-du-sebes\/","title":{"rendered":"Le r\u00e9seau d&rsquo;adduction du SEBES"},"content":{"rendered":"<p>Le r\u00e9seau du SEBES est compos\u00e9 de plusieurs \u00e9l\u00e9ments successifs prenant d\u00e9part \u00e0 la station de traitement des eaux \u00e0 Eschdorf sur une distance d\u2019environ 190 km. Les diff\u00e9rentes adductions aboutissent dans les chambres techniques des r\u00e9servoirs desservis.<\/p>\n<p>Le diam\u00e8tre des \u00e9l\u00e9ments constitutifs du r\u00e9seau varie de 1.000 mm pour la conduite de refoulement et de 1.000 mm \u00e0 300 mm pour les conduites d\u2019adduction. Le r\u00e9seau est constitu\u00e9 d\u2019\u00e9l\u00e9ments de diff\u00e9rentes natures (b\u00e9ton, fonte, acier) et construit suivant diff\u00e9rentes techniques (fonte embo\u00eet\u00e9e, acier soud\u00e9) mais tous rev\u00eatus \u00e0 l\u2019int\u00e9rieur de mortier de ciment.<\/p>","protected":false},"excerpt":{"rendered":"<p>Le r\u00e9seau du SEBES est compos\u00e9 de plusieurs \u00e9l\u00e9ments successifs prenant d\u00e9part \u00e0 la station de traitement des eaux \u00e0 Eschdorf sur une distance d\u2019environ 190 km. Les diff\u00e9rentes adductions aboutissent dans les chambres techniques des r\u00e9servoirs desservis. Le diam\u00e8tre des \u00e9l\u00e9ments constitutifs du r\u00e9seau varie de 1.000 mm pour la conduite de refoulement et [&hellip;]<\/p>\n","protected":false},"author":1,"featured_media":0,"parent":13846,"menu_order":30,"comment_status":"closed","ping_status":"closed","template":"tpl-water-processing_distribution.php","meta":{"inline_featured_image":false},"acf":[],"yoast_head":"<!-- This site is optimized with the Yoast SEO plugin v20.9 - https:\/\/yoast.com\/wordpress\/plugins\/seo\/ -->\n<title>Le r\u00e9seau d&#039;adduction du SEBES - SEBES<\/title>\n<meta name=\"robots\" content=\"index, follow, max-snippet:-1, max-image-preview:large, max-video-preview:-1\" \/>\n<link rel=\"canonical\" href=\"https:\/\/sebes.lu\/traitement-eau\/la-le-reseau-dadduction-du-sebes\/\" \/>\n<meta property=\"og:locale\" content=\"fr_FR\" \/>\n<meta property=\"og:type\" content=\"article\" \/>\n<meta property=\"og:title\" content=\"[:de]Die Wasserverteilung[:fr]Le r\u00e9seau d&#039;adduction du SEBES[:lb]D\u2018Waasserverdeelung[:] - SEBES\" \/>\n<meta property=\"og:description\" content=\"Le r\u00e9seau du SEBES est compos\u00e9 de plusieurs \u00e9l\u00e9ments successifs prenant d\u00e9part \u00e0 la station de traitement des eaux \u00e0 Eschdorf sur une distance d\u2019environ 190 km. Les diff\u00e9rentes adductions aboutissent dans les chambres techniques des r\u00e9servoirs desservis. Le diam\u00e8tre des \u00e9l\u00e9ments constitutifs du r\u00e9seau varie de 1.000 mm pour la conduite de refoulement et [&hellip;]\" \/>\n<meta property=\"og:url\" content=\"https:\/\/sebes.lu\/traitement-eau\/la-le-reseau-dadduction-du-sebes\/\" \/>\n<meta property=\"og:site_name\" content=\"SEBES\" \/>\n<meta property=\"article:modified_time\" content=\"2024-03-21T15:56:18+00:00\" \/>\n<meta name=\"twitter:card\" content=\"summary_large_image\" \/>\n<meta name=\"twitter:label1\" content=\"Dur\u00e9e de lecture estim\u00e9e\" \/>\n\t<meta name=\"twitter:data1\" content=\"2 minutes\" \/>\n<script type=\"application\/ld+json\" class=\"yoast-schema-graph\">{\"@context\":\"https:\/\/schema.org\",\"@graph\":[{\"@type\":\"WebPage\",\"@id\":\"https:\/\/sebes.lu\/traitement-eau\/la-le-reseau-dadduction-du-sebes\/\",\"url\":\"https:\/\/sebes.lu\/traitement-eau\/la-le-reseau-dadduction-du-sebes\/\",\"name\":\"[:de]Die Wasserverteilung[:fr]Le r\u00e9seau d'adduction du SEBES[:lb]D\u2018Waasserverdeelung[:] - SEBES\",\"isPartOf\":{\"@id\":\"https:\/\/sebes.lu\/fr\/#website\"},\"datePublished\":\"2016-09-23T08:08:40+00:00\",\"dateModified\":\"2024-03-21T15:56:18+00:00\",\"breadcrumb\":{\"@id\":\"https:\/\/sebes.lu\/traitement-eau\/la-le-reseau-dadduction-du-sebes\/#breadcrumb\"},\"inLanguage\":\"fr-FR\",\"potentialAction\":[{\"@type\":\"ReadAction\",\"target\":[\"https:\/\/sebes.lu\/traitement-eau\/la-le-reseau-dadduction-du-sebes\/\"]}]},{\"@type\":\"BreadcrumbList\",\"@id\":\"https:\/\/sebes.lu\/traitement-eau\/la-le-reseau-dadduction-du-sebes\/#breadcrumb\",\"itemListElement\":[{\"@type\":\"ListItem\",\"position\":1,\"name\":\"Home\",\"item\":\"https:\/\/sebes.lu\/\"},{\"@type\":\"ListItem\",\"position\":2,\"name\":\"Traitement de l&rsquo;eau\",\"item\":\"https:\/\/sebes.lu\/fr\/traitement-eau\/\"},{\"@type\":\"ListItem\",\"position\":3,\"name\":\"Le r\u00e9seau d&rsquo;adduction du SEBES\"}]},{\"@type\":\"WebSite\",\"@id\":\"https:\/\/sebes.lu\/fr\/#website\",\"url\":\"https:\/\/sebes.lu\/fr\/\",\"name\":\"SEBES\",\"description\":\"\",\"potentialAction\":[{\"@type\":\"SearchAction\",\"target\":{\"@type\":\"EntryPoint\",\"urlTemplate\":\"https:\/\/sebes.lu\/fr\/?s={search_term_string}\"},\"query-input\":\"required name=search_term_string\"}],\"inLanguage\":\"fr-FR\"}]}<\/script>\n<!-- \/ Yoast SEO plugin. -->","yoast_head_json":{"title":"[:de]Die Wasserverteilung[:fr]Le r\u00e9seau d'adduction du SEBES[:lb]D\u2018Waasserverdeelung[:] - SEBES","robots":{"index":"index","follow":"follow","max-snippet":"max-snippet:-1","max-image-preview":"max-image-preview:large","max-video-preview":"max-video-preview:-1"},"canonical":"https:\/\/sebes.lu\/traitement-eau\/la-le-reseau-dadduction-du-sebes\/","og_locale":"fr_FR","og_type":"article","og_title":"[:de]Die Wasserverteilung[:fr]Le r\u00e9seau d'adduction du SEBES[:lb]D\u2018Waasserverdeelung[:] - SEBES","og_description":"Le r\u00e9seau du SEBES est compos\u00e9 de plusieurs \u00e9l\u00e9ments successifs prenant d\u00e9part \u00e0 la station de traitement des eaux \u00e0 Eschdorf sur une distance d\u2019environ 190 km. Les diff\u00e9rentes adductions aboutissent dans les chambres techniques des r\u00e9servoirs desservis. Le diam\u00e8tre des \u00e9l\u00e9ments constitutifs du r\u00e9seau varie de 1.000 mm pour la conduite de refoulement et [&hellip;]","og_url":"https:\/\/sebes.lu\/traitement-eau\/la-le-reseau-dadduction-du-sebes\/","og_site_name":"SEBES","article_modified_time":"2024-03-21T15:56:18+00:00","twitter_card":"summary_large_image","twitter_misc":{"Dur\u00e9e de lecture estim\u00e9e":"2 minutes"},"schema":{"@context":"https:\/\/schema.org","@graph":[{"@type":"WebPage","@id":"https:\/\/sebes.lu\/traitement-eau\/la-le-reseau-dadduction-du-sebes\/","url":"https:\/\/sebes.lu\/traitement-eau\/la-le-reseau-dadduction-du-sebes\/","name":"[:de]Die Wasserverteilung[:fr]Le r\u00e9seau d'adduction du SEBES[:lb]D\u2018Waasserverdeelung[:] - SEBES","isPartOf":{"@id":"https:\/\/sebes.lu\/fr\/#website"},"datePublished":"2016-09-23T08:08:40+00:00","dateModified":"2024-03-21T15:56:18+00:00","breadcrumb":{"@id":"https:\/\/sebes.lu\/traitement-eau\/la-le-reseau-dadduction-du-sebes\/#breadcrumb"},"inLanguage":"fr-FR","potentialAction":[{"@type":"ReadAction","target":["https:\/\/sebes.lu\/traitement-eau\/la-le-reseau-dadduction-du-sebes\/"]}]},{"@type":"BreadcrumbList","@id":"https:\/\/sebes.lu\/traitement-eau\/la-le-reseau-dadduction-du-sebes\/#breadcrumb","itemListElement":[{"@type":"ListItem","position":1,"name":"Home","item":"https:\/\/sebes.lu\/"},{"@type":"ListItem","position":2,"name":"Traitement de l&rsquo;eau","item":"https:\/\/sebes.lu\/fr\/traitement-eau\/"},{"@type":"ListItem","position":3,"name":"Le r\u00e9seau d&rsquo;adduction du SEBES"}]},{"@type":"WebSite","@id":"https:\/\/sebes.lu\/fr\/#website","url":"https:\/\/sebes.lu\/fr\/","name":"SEBES","description":"","potentialAction":[{"@type":"SearchAction","target":{"@type":"EntryPoint","urlTemplate":"https:\/\/sebes.lu\/fr\/?s={search_term_string}"},"query-input":"required name=search_term_string"}],"inLanguage":"fr-FR"}]}},"_links":{"self":[{"href":"https:\/\/sebes.lu\/fr\/wp-json\/wp\/v2\/pages\/47"}],"collection":[{"href":"https:\/\/sebes.lu\/fr\/wp-json\/wp\/v2\/pages"}],"about":[{"href":"https:\/\/sebes.lu\/fr\/wp-json\/wp\/v2\/types\/page"}],"author":[{"embeddable":true,"href":"https:\/\/sebes.lu\/fr\/wp-json\/wp\/v2\/users\/1"}],"replies":[{"embeddable":true,"href":"https:\/\/sebes.lu\/fr\/wp-json\/wp\/v2\/comments?post=47"}],"version-history":[{"count":23,"href":"https:\/\/sebes.lu\/fr\/wp-json\/wp\/v2\/pages\/47\/revisions"}],"predecessor-version":[{"id":131215,"href":"https:\/\/sebes.lu\/fr\/wp-json\/wp\/v2\/pages\/47\/revisions\/131215"}],"up":[{"embeddable":true,"href":"https:\/\/sebes.lu\/fr\/wp-json\/wp\/v2\/pages\/13846"}],"wp:attachment":[{"href":"https:\/\/sebes.lu\/fr\/wp-json\/wp\/v2\/media?parent=47"}],"curies":[{"name":"wp","href":"https:\/\/api.w.org\/{rel}","templated":true}]}}