{"id":193,"date":"2016-09-26T07:02:06","date_gmt":"2016-09-26T07:02:06","guid":{"rendered":"https:\/\/sebes.lu\/presentation-du-sebes\/traitement-de-leau\/"},"modified":"2026-03-25T12:10:44","modified_gmt":"2026-03-25T11:10:44","slug":"traitement-de-leau","status":"publish","type":"page","link":"https:\/\/sebes.lu\/fr\/traitement-eau\/traitement-de-leau\/","title":{"rendered":"Purification de l&rsquo;eau \u00e0 Eschdorf"},"content":{"rendered":"<p><\/p>\n<div class=\"main-content body-text background-color-flexible\">\n<div class=\"main-content-wrapper\">\n<p>La nouvelle station de traitement d\u2019Eschdorf fonctionne en 7 \u00e9tapes. Elle comprend une pr\u00e9filtration, une filtration membranaire de type ultrafiltration avec une floculation au fer, une \u00e9tape d\u2019augmentation de la duret\u00e9, une ozonisation, une bio-filtration, une adsorption sur charbon actif et une d\u00e9sinfection finale \u00e0 l\u2019UV. En fin de traitement, l\u2019eau r\u00e9pond aux s\u00e9v\u00e8res crit\u00e8res de qualit\u00e9 d\u2019une eau potable.<\/p>\n<\/div>\n<\/div>\n<p><\/p>","protected":false},"excerpt":{"rendered":"<p>La nouvelle station de traitement d\u2019Eschdorf fonctionne en 7 \u00e9tapes. Elle comprend une pr\u00e9filtration, une filtration membranaire de type ultrafiltration avec une floculation au fer, une \u00e9tape d\u2019augmentation de la duret\u00e9, une ozonisation, une bio-filtration, une adsorption sur charbon actif et une d\u00e9sinfection finale \u00e0 l\u2019UV. En fin de traitement, l\u2019eau r\u00e9pond aux s\u00e9v\u00e8res crit\u00e8res [&hellip;]<\/p>\n","protected":false},"author":1,"featured_media":0,"parent":13846,"menu_order":29,"comment_status":"closed","ping_status":"closed","template":"tpl-water-processing_traitement-de-leau.php","meta":{"inline_featured_image":false},"acf":[],"yoast_head":"<!-- This site is optimized with the Yoast SEO plugin v20.9 - https:\/\/yoast.com\/wordpress\/plugins\/seo\/ -->\n<title>Purification de l&#039;eau \u00e0 Eschdorf - SEBES<\/title>\n<meta name=\"robots\" content=\"index, follow, max-snippet:-1, max-image-preview:large, max-video-preview:-1\" \/>\n<link rel=\"canonical\" href=\"https:\/\/sebes.lu\/traitement-eau\/traitement-de-leau\/\" \/>\n<meta property=\"og:locale\" content=\"fr_FR\" \/>\n<meta property=\"og:type\" content=\"article\" \/>\n<meta property=\"og:title\" content=\"[:fr]Purification de l&#039;eau \u00e0 Eschdorf[:de]Die Trinkwasseraufbereitung[:lb]D\u2018Dr\u00e9nkwassseropbereedung[:] - SEBES\" \/>\n<meta property=\"og:description\" content=\"La nouvelle station de traitement d\u2019Eschdorf fonctionne en 7 \u00e9tapes. Elle comprend une pr\u00e9filtration, une filtration membranaire de type ultrafiltration avec une floculation au fer, une \u00e9tape d\u2019augmentation de la duret\u00e9, une ozonisation, une bio-filtration, une adsorption sur charbon actif et une d\u00e9sinfection finale \u00e0 l\u2019UV. En fin de traitement, l\u2019eau r\u00e9pond aux s\u00e9v\u00e8res crit\u00e8res [&hellip;]\" \/>\n<meta property=\"og:url\" content=\"https:\/\/sebes.lu\/traitement-eau\/traitement-de-leau\/\" \/>\n<meta property=\"og:site_name\" content=\"SEBES\" \/>\n<meta property=\"article:modified_time\" content=\"2026-03-25T11:10:44+00:00\" \/>\n<meta name=\"twitter:card\" content=\"summary_large_image\" \/>\n<meta name=\"twitter:label1\" content=\"Dur\u00e9e de lecture estim\u00e9e\" \/>\n\t<meta name=\"twitter:data1\" content=\"1 minute\" \/>\n<script type=\"application\/ld+json\" class=\"yoast-schema-graph\">{\"@context\":\"https:\/\/schema.org\",\"@graph\":[{\"@type\":\"WebPage\",\"@id\":\"https:\/\/sebes.lu\/traitement-eau\/traitement-de-leau\/\",\"url\":\"https:\/\/sebes.lu\/traitement-eau\/traitement-de-leau\/\",\"name\":\"[:fr]Purification de l'eau \u00e0 Eschdorf[:de]Die Trinkwasseraufbereitung[:lb]D\u2018Dr\u00e9nkwassseropbereedung[:] - SEBES\",\"isPartOf\":{\"@id\":\"https:\/\/sebes.lu\/fr\/#website\"},\"datePublished\":\"2016-09-26T07:02:06+00:00\",\"dateModified\":\"2026-03-25T11:10:44+00:00\",\"breadcrumb\":{\"@id\":\"https:\/\/sebes.lu\/traitement-eau\/traitement-de-leau\/#breadcrumb\"},\"inLanguage\":\"fr-FR\",\"potentialAction\":[{\"@type\":\"ReadAction\",\"target\":[\"https:\/\/sebes.lu\/traitement-eau\/traitement-de-leau\/\"]}]},{\"@type\":\"BreadcrumbList\",\"@id\":\"https:\/\/sebes.lu\/traitement-eau\/traitement-de-leau\/#breadcrumb\",\"itemListElement\":[{\"@type\":\"ListItem\",\"position\":1,\"name\":\"Home\",\"item\":\"https:\/\/sebes.lu\/\"},{\"@type\":\"ListItem\",\"position\":2,\"name\":\"Traitement de l&rsquo;eau\",\"item\":\"https:\/\/sebes.lu\/fr\/traitement-eau\/\"},{\"@type\":\"ListItem\",\"position\":3,\"name\":\"Purification de l&rsquo;eau \u00e0 Eschdorf\"}]},{\"@type\":\"WebSite\",\"@id\":\"https:\/\/sebes.lu\/fr\/#website\",\"url\":\"https:\/\/sebes.lu\/fr\/\",\"name\":\"SEBES\",\"description\":\"\",\"potentialAction\":[{\"@type\":\"SearchAction\",\"target\":{\"@type\":\"EntryPoint\",\"urlTemplate\":\"https:\/\/sebes.lu\/fr\/?s={search_term_string}\"},\"query-input\":\"required name=search_term_string\"}],\"inLanguage\":\"fr-FR\"}]}<\/script>\n<!-- \/ Yoast SEO plugin. -->","yoast_head_json":{"title":"[:fr]Purification de l'eau \u00e0 Eschdorf[:de]Die Trinkwasseraufbereitung[:lb]D\u2018Dr\u00e9nkwassseropbereedung[:] - SEBES","robots":{"index":"index","follow":"follow","max-snippet":"max-snippet:-1","max-image-preview":"max-image-preview:large","max-video-preview":"max-video-preview:-1"},"canonical":"https:\/\/sebes.lu\/traitement-eau\/traitement-de-leau\/","og_locale":"fr_FR","og_type":"article","og_title":"[:fr]Purification de l'eau \u00e0 Eschdorf[:de]Die Trinkwasseraufbereitung[:lb]D\u2018Dr\u00e9nkwassseropbereedung[:] - SEBES","og_description":"La nouvelle station de traitement d\u2019Eschdorf fonctionne en 7 \u00e9tapes. Elle comprend une pr\u00e9filtration, une filtration membranaire de type ultrafiltration avec une floculation au fer, une \u00e9tape d\u2019augmentation de la duret\u00e9, une ozonisation, une bio-filtration, une adsorption sur charbon actif et une d\u00e9sinfection finale \u00e0 l\u2019UV. En fin de traitement, l\u2019eau r\u00e9pond aux s\u00e9v\u00e8res crit\u00e8res [&hellip;]","og_url":"https:\/\/sebes.lu\/traitement-eau\/traitement-de-leau\/","og_site_name":"SEBES","article_modified_time":"2026-03-25T11:10:44+00:00","twitter_card":"summary_large_image","twitter_misc":{"Dur\u00e9e de lecture estim\u00e9e":"1 minute"},"schema":{"@context":"https:\/\/schema.org","@graph":[{"@type":"WebPage","@id":"https:\/\/sebes.lu\/traitement-eau\/traitement-de-leau\/","url":"https:\/\/sebes.lu\/traitement-eau\/traitement-de-leau\/","name":"[:fr]Purification de l'eau \u00e0 Eschdorf[:de]Die Trinkwasseraufbereitung[:lb]D\u2018Dr\u00e9nkwassseropbereedung[:] - SEBES","isPartOf":{"@id":"https:\/\/sebes.lu\/fr\/#website"},"datePublished":"2016-09-26T07:02:06+00:00","dateModified":"2026-03-25T11:10:44+00:00","breadcrumb":{"@id":"https:\/\/sebes.lu\/traitement-eau\/traitement-de-leau\/#breadcrumb"},"inLanguage":"fr-FR","potentialAction":[{"@type":"ReadAction","target":["https:\/\/sebes.lu\/traitement-eau\/traitement-de-leau\/"]}]},{"@type":"BreadcrumbList","@id":"https:\/\/sebes.lu\/traitement-eau\/traitement-de-leau\/#breadcrumb","itemListElement":[{"@type":"ListItem","position":1,"name":"Home","item":"https:\/\/sebes.lu\/"},{"@type":"ListItem","position":2,"name":"Traitement de l&rsquo;eau","item":"https:\/\/sebes.lu\/fr\/traitement-eau\/"},{"@type":"ListItem","position":3,"name":"Purification de l&rsquo;eau \u00e0 Eschdorf"}]},{"@type":"WebSite","@id":"https:\/\/sebes.lu\/fr\/#website","url":"https:\/\/sebes.lu\/fr\/","name":"SEBES","description":"","potentialAction":[{"@type":"SearchAction","target":{"@type":"EntryPoint","urlTemplate":"https:\/\/sebes.lu\/fr\/?s={search_term_string}"},"query-input":"required name=search_term_string"}],"inLanguage":"fr-FR"}]}},"_links":{"self":[{"href":"https:\/\/sebes.lu\/fr\/wp-json\/wp\/v2\/pages\/193"}],"collection":[{"href":"https:\/\/sebes.lu\/fr\/wp-json\/wp\/v2\/pages"}],"about":[{"href":"https:\/\/sebes.lu\/fr\/wp-json\/wp\/v2\/types\/page"}],"author":[{"embeddable":true,"href":"https:\/\/sebes.lu\/fr\/wp-json\/wp\/v2\/users\/1"}],"replies":[{"embeddable":true,"href":"https:\/\/sebes.lu\/fr\/wp-json\/wp\/v2\/comments?post=193"}],"version-history":[{"count":85,"href":"https:\/\/sebes.lu\/fr\/wp-json\/wp\/v2\/pages\/193\/revisions"}],"predecessor-version":[{"id":134049,"href":"https:\/\/sebes.lu\/fr\/wp-json\/wp\/v2\/pages\/193\/revisions\/134049"}],"up":[{"embeddable":true,"href":"https:\/\/sebes.lu\/fr\/wp-json\/wp\/v2\/pages\/13846"}],"wp:attachment":[{"href":"https:\/\/sebes.lu\/fr\/wp-json\/wp\/v2\/media?parent=193"}],"curies":[{"name":"wp","href":"https:\/\/api.w.org\/{rel}","templated":true}]}}