{"id":14125,"date":"2023-05-25T15:50:25","date_gmt":"2023-05-25T13:50:25","guid":{"rendered":"http:\/\/sebes.dev.lightbulb.lu\/?page_id=14125"},"modified":"2025-11-05T08:16:53","modified_gmt":"2025-11-05T07:16:53","slug":"controles-qualite","status":"publish","type":"page","link":"https:\/\/sebes.lu\/fr\/water-quality\/controles-qualite\/","title":{"rendered":"Contr\u00f4le qualit\u00e9 des affluents du lac"},"content":{"rendered":"<p>Dans le cadre de la mise en \u0153uvre du programme de mesures dans les zones de protection du lac de la Haute-S\u00fbre, le SEBES en collaboration avec l\u2019AGE pr\u00e9l\u00e8ve des \u00e9chantillons d\u2019eau des affluents du lac pour d\u00e9terminer leur qualit\u00e9.<\/p>","protected":false},"excerpt":{"rendered":"<p>Dans le cadre de la mise en \u0153uvre du programme de mesures dans les zones de protection du lac de la Haute-S\u00fbre, le SEBES en collaboration avec l\u2019AGE pr\u00e9l\u00e8ve des \u00e9chantillons d\u2019eau des affluents du lac pour d\u00e9terminer leur qualit\u00e9.<\/p>\n","protected":false},"author":1,"featured_media":0,"parent":14121,"menu_order":13,"comment_status":"closed","ping_status":"closed","template":"tpl-water-quality_control.php","meta":{"inline_featured_image":false},"acf":[],"yoast_head":"<!-- This site is optimized with the Yoast SEO plugin v20.9 - https:\/\/yoast.com\/wordpress\/plugins\/seo\/ -->\n<title>Contr\u00f4le qualit\u00e9 des affluents du lac - SEBES<\/title>\n<meta name=\"robots\" content=\"index, follow, max-snippet:-1, max-image-preview:large, max-video-preview:-1\" \/>\n<link rel=\"canonical\" href=\"https:\/\/sebes.lu\/water-quality\/controles-qualite\/\" \/>\n<meta property=\"og:locale\" content=\"fr_FR\" \/>\n<meta property=\"og:type\" content=\"article\" \/>\n<meta property=\"og:title\" content=\"[:fr]Contr\u00f4le qualit\u00e9 des affluents du lac[:] - SEBES\" \/>\n<meta property=\"og:description\" content=\"Dans le cadre de la mise en \u0153uvre du programme de mesures dans les zones de protection du lac de la Haute-S\u00fbre, le SEBES en collaboration avec l\u2019AGE pr\u00e9l\u00e8ve des \u00e9chantillons d\u2019eau des affluents du lac pour d\u00e9terminer leur qualit\u00e9.\" \/>\n<meta property=\"og:url\" content=\"https:\/\/sebes.lu\/water-quality\/controles-qualite\/\" \/>\n<meta property=\"og:site_name\" content=\"SEBES\" \/>\n<meta property=\"article:modified_time\" content=\"2025-11-05T07:16:53+00:00\" \/>\n<meta name=\"twitter:card\" content=\"summary_large_image\" \/>\n<meta name=\"twitter:label1\" content=\"Dur\u00e9e de lecture estim\u00e9e\" \/>\n\t<meta name=\"twitter:data1\" content=\"1 minute\" \/>\n<script type=\"application\/ld+json\" class=\"yoast-schema-graph\">{\"@context\":\"https:\/\/schema.org\",\"@graph\":[{\"@type\":\"WebPage\",\"@id\":\"https:\/\/sebes.lu\/water-quality\/controles-qualite\/\",\"url\":\"https:\/\/sebes.lu\/water-quality\/controles-qualite\/\",\"name\":\"[:fr]Contr\u00f4le qualit\u00e9 des affluents du lac[:] - SEBES\",\"isPartOf\":{\"@id\":\"https:\/\/sebes.lu\/fr\/#website\"},\"datePublished\":\"2023-05-25T13:50:25+00:00\",\"dateModified\":\"2025-11-05T07:16:53+00:00\",\"breadcrumb\":{\"@id\":\"https:\/\/sebes.lu\/water-quality\/controles-qualite\/#breadcrumb\"},\"inLanguage\":\"fr-FR\",\"potentialAction\":[{\"@type\":\"ReadAction\",\"target\":[\"https:\/\/sebes.lu\/water-quality\/controles-qualite\/\"]}]},{\"@type\":\"BreadcrumbList\",\"@id\":\"https:\/\/sebes.lu\/water-quality\/controles-qualite\/#breadcrumb\",\"itemListElement\":[{\"@type\":\"ListItem\",\"position\":1,\"name\":\"Home\",\"item\":\"https:\/\/sebes.lu\/\"},{\"@type\":\"ListItem\",\"position\":2,\"name\":\"Traitement\",\"item\":\"https:\/\/sebes.lu\/water-quality\/\"},{\"@type\":\"ListItem\",\"position\":3,\"name\":\"Contr\u00f4le qualit\u00e9 des affluents du lac\"}]},{\"@type\":\"WebSite\",\"@id\":\"https:\/\/sebes.lu\/fr\/#website\",\"url\":\"https:\/\/sebes.lu\/fr\/\",\"name\":\"SEBES\",\"description\":\"\",\"potentialAction\":[{\"@type\":\"SearchAction\",\"target\":{\"@type\":\"EntryPoint\",\"urlTemplate\":\"https:\/\/sebes.lu\/fr\/?s={search_term_string}\"},\"query-input\":\"required name=search_term_string\"}],\"inLanguage\":\"fr-FR\"}]}<\/script>\n<!-- \/ Yoast SEO plugin. -->","yoast_head_json":{"title":"[:fr]Contr\u00f4le qualit\u00e9 des affluents du lac[:] - SEBES","robots":{"index":"index","follow":"follow","max-snippet":"max-snippet:-1","max-image-preview":"max-image-preview:large","max-video-preview":"max-video-preview:-1"},"canonical":"https:\/\/sebes.lu\/water-quality\/controles-qualite\/","og_locale":"fr_FR","og_type":"article","og_title":"[:fr]Contr\u00f4le qualit\u00e9 des affluents du lac[:] - SEBES","og_description":"Dans le cadre de la mise en \u0153uvre du programme de mesures dans les zones de protection du lac de la Haute-S\u00fbre, le SEBES en collaboration avec l\u2019AGE pr\u00e9l\u00e8ve des \u00e9chantillons d\u2019eau des affluents du lac pour d\u00e9terminer leur qualit\u00e9.","og_url":"https:\/\/sebes.lu\/water-quality\/controles-qualite\/","og_site_name":"SEBES","article_modified_time":"2025-11-05T07:16:53+00:00","twitter_card":"summary_large_image","twitter_misc":{"Dur\u00e9e de lecture estim\u00e9e":"1 minute"},"schema":{"@context":"https:\/\/schema.org","@graph":[{"@type":"WebPage","@id":"https:\/\/sebes.lu\/water-quality\/controles-qualite\/","url":"https:\/\/sebes.lu\/water-quality\/controles-qualite\/","name":"[:fr]Contr\u00f4le qualit\u00e9 des affluents du lac[:] - SEBES","isPartOf":{"@id":"https:\/\/sebes.lu\/fr\/#website"},"datePublished":"2023-05-25T13:50:25+00:00","dateModified":"2025-11-05T07:16:53+00:00","breadcrumb":{"@id":"https:\/\/sebes.lu\/water-quality\/controles-qualite\/#breadcrumb"},"inLanguage":"fr-FR","potentialAction":[{"@type":"ReadAction","target":["https:\/\/sebes.lu\/water-quality\/controles-qualite\/"]}]},{"@type":"BreadcrumbList","@id":"https:\/\/sebes.lu\/water-quality\/controles-qualite\/#breadcrumb","itemListElement":[{"@type":"ListItem","position":1,"name":"Home","item":"https:\/\/sebes.lu\/"},{"@type":"ListItem","position":2,"name":"Traitement","item":"https:\/\/sebes.lu\/water-quality\/"},{"@type":"ListItem","position":3,"name":"Contr\u00f4le qualit\u00e9 des affluents du lac"}]},{"@type":"WebSite","@id":"https:\/\/sebes.lu\/fr\/#website","url":"https:\/\/sebes.lu\/fr\/","name":"SEBES","description":"","potentialAction":[{"@type":"SearchAction","target":{"@type":"EntryPoint","urlTemplate":"https:\/\/sebes.lu\/fr\/?s={search_term_string}"},"query-input":"required name=search_term_string"}],"inLanguage":"fr-FR"}]}},"_links":{"self":[{"href":"https:\/\/sebes.lu\/fr\/wp-json\/wp\/v2\/pages\/14125"}],"collection":[{"href":"https:\/\/sebes.lu\/fr\/wp-json\/wp\/v2\/pages"}],"about":[{"href":"https:\/\/sebes.lu\/fr\/wp-json\/wp\/v2\/types\/page"}],"author":[{"embeddable":true,"href":"https:\/\/sebes.lu\/fr\/wp-json\/wp\/v2\/users\/1"}],"replies":[{"embeddable":true,"href":"https:\/\/sebes.lu\/fr\/wp-json\/wp\/v2\/comments?post=14125"}],"version-history":[{"count":11,"href":"https:\/\/sebes.lu\/fr\/wp-json\/wp\/v2\/pages\/14125\/revisions"}],"predecessor-version":[{"id":133662,"href":"https:\/\/sebes.lu\/fr\/wp-json\/wp\/v2\/pages\/14125\/revisions\/133662"}],"up":[{"embeddable":true,"href":"https:\/\/sebes.lu\/fr\/wp-json\/wp\/v2\/pages\/14121"}],"wp:attachment":[{"href":"https:\/\/sebes.lu\/fr\/wp-json\/wp\/v2\/media?parent=14125"}],"curies":[{"name":"wp","href":"https:\/\/api.w.org\/{rel}","templated":true}]}}