{"id":14123,"date":"2023-05-25T15:50:08","date_gmt":"2023-05-25T13:50:08","guid":{"rendered":"http:\/\/sebes.dev.lightbulb.lu\/?page_id=14123"},"modified":"2026-01-27T15:44:55","modified_gmt":"2026-01-27T14:44:55","slug":"qualite-de-leau-potable","status":"publish","type":"page","link":"https:\/\/sebes.lu\/fr\/water-quality\/qualite-de-leau-potable\/","title":{"rendered":"Qualit\u00e9 de l\u2019eau potable"},"content":{"rendered":"<p>La qualit\u00e9 de l&rsquo;eau potable du SEBES doit r\u00e9pondre \u00e0 tout crit\u00e8re d\u00e9fini au r\u00e8glement grand-ducal du 23 d\u00e9cembre 2022 relatif aux eaux destin\u00e9es \u00e0 la consommation humaine. Notre laboratoire proc\u00e8de au contr\u00f4le quotidien (contr\u00f4le de routine) par des pr\u00e9l\u00e8vements d&rsquo;eau dans les diff\u00e9rentes \u00e9tapes de traitement et de l&rsquo;eau potable produite. En parall\u00e8le l&rsquo;eau est contr\u00f4l\u00e9e en continu par de nombreux analyseurs en ligne. Le contr\u00f4le complet incluant les micropolluants est assur\u00e9 par des laboratoires externes.<\/p>\n<p><strong>La qualit\u00e9 de l&rsquo;eau du SEBES est \u00e9galement contr\u00f4l\u00e9e r\u00e9guli\u00e8rement par l&rsquo;Administration de la Gestion de l&rsquo;Eau (AGE).<\/strong><\/p>\n<ul>\n<li style=\"text-align: left\"><a href=\"https:\/\/sebes.lu\/wp-content\/uploads\/2024\/07\/2024-07-18-note-comite-TFA-PFAS.pdf\">Note: PFAS et TFA dans l&rsquo;eau potable du SEBES<\/a><\/li>\n<\/ul>\n<p><\/p>","protected":false},"excerpt":{"rendered":"<p>La qualit\u00e9 de l&rsquo;eau potable du SEBES doit r\u00e9pondre \u00e0 tout crit\u00e8re d\u00e9fini au r\u00e8glement grand-ducal du 23 d\u00e9cembre 2022 relatif aux eaux destin\u00e9es \u00e0 la consommation humaine. Notre laboratoire proc\u00e8de au contr\u00f4le quotidien (contr\u00f4le de routine) par des pr\u00e9l\u00e8vements d&rsquo;eau dans les diff\u00e9rentes \u00e9tapes de traitement et de l&rsquo;eau potable produite. En parall\u00e8le l&rsquo;eau [&hellip;]<\/p>\n","protected":false},"author":1,"featured_media":0,"parent":14121,"menu_order":14,"comment_status":"closed","ping_status":"closed","template":"tpl-water-quality_water_quality.php","meta":{"inline_featured_image":false},"acf":[],"yoast_head":"<!-- This site is optimized with the Yoast SEO plugin v20.9 - https:\/\/yoast.com\/wordpress\/plugins\/seo\/ -->\n<title>Qualit\u00e9 de l\u2019eau potable - SEBES<\/title>\n<meta name=\"robots\" content=\"index, follow, max-snippet:-1, max-image-preview:large, max-video-preview:-1\" \/>\n<link rel=\"canonical\" href=\"https:\/\/sebes.lu\/water-quality\/qualite-de-leau-potable\/\" \/>\n<meta property=\"og:locale\" content=\"fr_FR\" \/>\n<meta property=\"og:type\" content=\"article\" \/>\n<meta property=\"og:title\" content=\"[:fr]Qualit\u00e9 de l\u2019eau potable[:] - SEBES\" \/>\n<meta property=\"og:description\" content=\"La qualit\u00e9 de l&rsquo;eau potable du SEBES doit r\u00e9pondre \u00e0 tout crit\u00e8re d\u00e9fini au r\u00e8glement grand-ducal du 23 d\u00e9cembre 2022 relatif aux eaux destin\u00e9es \u00e0 la consommation humaine. Notre laboratoire proc\u00e8de au contr\u00f4le quotidien (contr\u00f4le de routine) par des pr\u00e9l\u00e8vements d&rsquo;eau dans les diff\u00e9rentes \u00e9tapes de traitement et de l&rsquo;eau potable produite. En parall\u00e8le l&rsquo;eau [&hellip;]\" \/>\n<meta property=\"og:url\" content=\"https:\/\/sebes.lu\/water-quality\/qualite-de-leau-potable\/\" \/>\n<meta property=\"og:site_name\" content=\"SEBES\" \/>\n<meta property=\"article:modified_time\" content=\"2026-01-27T14:44:55+00:00\" \/>\n<meta name=\"twitter:card\" content=\"summary_large_image\" \/>\n<meta name=\"twitter:label1\" content=\"Dur\u00e9e de lecture estim\u00e9e\" \/>\n\t<meta name=\"twitter:data1\" content=\"1 minute\" \/>\n<script type=\"application\/ld+json\" class=\"yoast-schema-graph\">{\"@context\":\"https:\/\/schema.org\",\"@graph\":[{\"@type\":\"WebPage\",\"@id\":\"https:\/\/sebes.lu\/water-quality\/qualite-de-leau-potable\/\",\"url\":\"https:\/\/sebes.lu\/water-quality\/qualite-de-leau-potable\/\",\"name\":\"[:fr]Qualit\u00e9 de l\u2019eau potable[:] - SEBES\",\"isPartOf\":{\"@id\":\"https:\/\/sebes.lu\/fr\/#website\"},\"datePublished\":\"2023-05-25T13:50:08+00:00\",\"dateModified\":\"2026-01-27T14:44:55+00:00\",\"breadcrumb\":{\"@id\":\"https:\/\/sebes.lu\/water-quality\/qualite-de-leau-potable\/#breadcrumb\"},\"inLanguage\":\"fr-FR\",\"potentialAction\":[{\"@type\":\"ReadAction\",\"target\":[\"https:\/\/sebes.lu\/water-quality\/qualite-de-leau-potable\/\"]}]},{\"@type\":\"BreadcrumbList\",\"@id\":\"https:\/\/sebes.lu\/water-quality\/qualite-de-leau-potable\/#breadcrumb\",\"itemListElement\":[{\"@type\":\"ListItem\",\"position\":1,\"name\":\"Home\",\"item\":\"https:\/\/sebes.lu\/\"},{\"@type\":\"ListItem\",\"position\":2,\"name\":\"Traitement\",\"item\":\"https:\/\/sebes.lu\/water-quality\/\"},{\"@type\":\"ListItem\",\"position\":3,\"name\":\"Qualit\u00e9 de l\u2019eau potable\"}]},{\"@type\":\"WebSite\",\"@id\":\"https:\/\/sebes.lu\/fr\/#website\",\"url\":\"https:\/\/sebes.lu\/fr\/\",\"name\":\"SEBES\",\"description\":\"\",\"potentialAction\":[{\"@type\":\"SearchAction\",\"target\":{\"@type\":\"EntryPoint\",\"urlTemplate\":\"https:\/\/sebes.lu\/fr\/?s={search_term_string}\"},\"query-input\":\"required name=search_term_string\"}],\"inLanguage\":\"fr-FR\"}]}<\/script>\n<!-- \/ Yoast SEO plugin. -->","yoast_head_json":{"title":"[:fr]Qualit\u00e9 de l\u2019eau potable[:] - SEBES","robots":{"index":"index","follow":"follow","max-snippet":"max-snippet:-1","max-image-preview":"max-image-preview:large","max-video-preview":"max-video-preview:-1"},"canonical":"https:\/\/sebes.lu\/water-quality\/qualite-de-leau-potable\/","og_locale":"fr_FR","og_type":"article","og_title":"[:fr]Qualit\u00e9 de l\u2019eau potable[:] - SEBES","og_description":"La qualit\u00e9 de l&rsquo;eau potable du SEBES doit r\u00e9pondre \u00e0 tout crit\u00e8re d\u00e9fini au r\u00e8glement grand-ducal du 23 d\u00e9cembre 2022 relatif aux eaux destin\u00e9es \u00e0 la consommation humaine. Notre laboratoire proc\u00e8de au contr\u00f4le quotidien (contr\u00f4le de routine) par des pr\u00e9l\u00e8vements d&rsquo;eau dans les diff\u00e9rentes \u00e9tapes de traitement et de l&rsquo;eau potable produite. En parall\u00e8le l&rsquo;eau [&hellip;]","og_url":"https:\/\/sebes.lu\/water-quality\/qualite-de-leau-potable\/","og_site_name":"SEBES","article_modified_time":"2026-01-27T14:44:55+00:00","twitter_card":"summary_large_image","twitter_misc":{"Dur\u00e9e de lecture estim\u00e9e":"1 minute"},"schema":{"@context":"https:\/\/schema.org","@graph":[{"@type":"WebPage","@id":"https:\/\/sebes.lu\/water-quality\/qualite-de-leau-potable\/","url":"https:\/\/sebes.lu\/water-quality\/qualite-de-leau-potable\/","name":"[:fr]Qualit\u00e9 de l\u2019eau potable[:] - SEBES","isPartOf":{"@id":"https:\/\/sebes.lu\/fr\/#website"},"datePublished":"2023-05-25T13:50:08+00:00","dateModified":"2026-01-27T14:44:55+00:00","breadcrumb":{"@id":"https:\/\/sebes.lu\/water-quality\/qualite-de-leau-potable\/#breadcrumb"},"inLanguage":"fr-FR","potentialAction":[{"@type":"ReadAction","target":["https:\/\/sebes.lu\/water-quality\/qualite-de-leau-potable\/"]}]},{"@type":"BreadcrumbList","@id":"https:\/\/sebes.lu\/water-quality\/qualite-de-leau-potable\/#breadcrumb","itemListElement":[{"@type":"ListItem","position":1,"name":"Home","item":"https:\/\/sebes.lu\/"},{"@type":"ListItem","position":2,"name":"Traitement","item":"https:\/\/sebes.lu\/water-quality\/"},{"@type":"ListItem","position":3,"name":"Qualit\u00e9 de l\u2019eau potable"}]},{"@type":"WebSite","@id":"https:\/\/sebes.lu\/fr\/#website","url":"https:\/\/sebes.lu\/fr\/","name":"SEBES","description":"","potentialAction":[{"@type":"SearchAction","target":{"@type":"EntryPoint","urlTemplate":"https:\/\/sebes.lu\/fr\/?s={search_term_string}"},"query-input":"required name=search_term_string"}],"inLanguage":"fr-FR"}]}},"_links":{"self":[{"href":"https:\/\/sebes.lu\/fr\/wp-json\/wp\/v2\/pages\/14123"}],"collection":[{"href":"https:\/\/sebes.lu\/fr\/wp-json\/wp\/v2\/pages"}],"about":[{"href":"https:\/\/sebes.lu\/fr\/wp-json\/wp\/v2\/types\/page"}],"author":[{"embeddable":true,"href":"https:\/\/sebes.lu\/fr\/wp-json\/wp\/v2\/users\/1"}],"replies":[{"embeddable":true,"href":"https:\/\/sebes.lu\/fr\/wp-json\/wp\/v2\/comments?post=14123"}],"version-history":[{"count":8,"href":"https:\/\/sebes.lu\/fr\/wp-json\/wp\/v2\/pages\/14123\/revisions"}],"predecessor-version":[{"id":133880,"href":"https:\/\/sebes.lu\/fr\/wp-json\/wp\/v2\/pages\/14123\/revisions\/133880"}],"up":[{"embeddable":true,"href":"https:\/\/sebes.lu\/fr\/wp-json\/wp\/v2\/pages\/14121"}],"wp:attachment":[{"href":"https:\/\/sebes.lu\/fr\/wp-json\/wp\/v2\/media?parent=14123"}],"curies":[{"name":"wp","href":"https:\/\/api.w.org\/{rel}","templated":true}]}}